{"id":6,"date":"2026-04-26T12:21:02","date_gmt":"2026-04-26T12:21:02","guid":{"rendered":"https:\/\/bad.rulle.eu\/?page_id=6"},"modified":"2026-04-29T15:56:22","modified_gmt":"2026-04-29T15:56:22","slug":"bad-temp-kyrksjon","status":"publish","type":"page","link":"https:\/\/test.rulle.eu\/","title":{"rendered":""},"content":{"rendered":"\t\t<div data-elementor-type=\"wp-page\" data-elementor-id=\"6\" class=\"elementor elementor-6\">\n\t\t\t\t\t\t<div class=\"elementor-element elementor-element-1150bf5 e-con e-atomic-element e-div-block-base\" data-id=\"1150bf5\" data-element_type=\"e-div-block\" data-e-type=\"e-div-block\" data-interaction-id=\"1150bf5\">\n\t\t\t\t\t\t\t\t<p class=\"e-paragraph-base\" data-interaction-id=\"8451e45\"  >\n\t\t\t\t\t\t\t\tEn ny hemsida f\u00f6r bad tempm\u00e4taren. Den ska bli lite mer l\u00e4ttl\u00e4st f\u00f6r b\u00e5de mobil och dator. Givaren ligger n\u00e4ra land i v\u00e4ntan p\u00e5 att det ska bli lite varmare s\u00e5 jag kommer ut 30m d\u00e4r den ska ligga.<br>Den h\u00e4r sidan kommer att f\u00e5 lite mer v\u00e4derdata f\u00f6r M\u00f6lltorp, regnm\u00e4tare , vindm\u00e4tare, mm. om n\u00e5gon \u00f6nskar det\n\t\t\t\t\t<\/p>\n\t\t\t\t<\/div>\n\t\t<div class=\"elementor-element elementor-element-689a2e2 e-grid e-con-boxed e-con e-parent\" data-id=\"689a2e2\" data-element_type=\"container\" data-e-type=\"container\">\n\t\t\t\t\t<div class=\"e-con-inner\">\n\t\t\t\t<div class=\"elementor-element elementor-element-0fcc65d elementor-widget elementor-widget-html\" data-id=\"0fcc65d\" data-element_type=\"widget\" data-e-type=\"widget\" data-widget_type=\"html.default\">\n\t\t\t\t\t<div style=\"text-align: center;\">\n    <h3>Badtemperatur<\/h3>\n<iframe title=\"Badtemperatur\" width=\"450\" height=\"260\" style=\"border: 1px solid #cccccc;\" src=\"https:\/\/thingspeak.com\/channels\/2164543\/widgets\/658248\"><\/iframe>\n\t\t\t\t<\/div>\n\t\t\t\t<div class=\"elementor-element elementor-element-cb7c58a elementor-widget elementor-widget-html\" data-id=\"cb7c58a\" data-element_type=\"widget\" data-e-type=\"widget\" data-widget_type=\"html.default\">\n\t\t\t\t\t<iframe width=\"450\" height=\"260\" style=\"border: 1px solid #cccccc;\" src=\"https:\/\/thingspeak.com\/channels\/2164543\/charts\/7?bgcolor=%23ffffff&color=%23d62020&days=150&dynamic=true&title=Dygnets+h%C3%B6gsta+badtemp&type=line&yaxismax=15&yaxismin=5\"><\/iframe>\r\n\r\n\t\t\t\t<\/div>\n\t\t\t\t<div class=\"elementor-element elementor-element-3b52feb elementor-widget elementor-widget-html\" data-id=\"3b52feb\" data-element_type=\"widget\" data-e-type=\"widget\" data-widget_type=\"html.default\">\n\t\t\t\t\t<div style=\"text-align: center;\">\r\n    <h3>Utetemperatur<\/h3>\r\n<iframe width=\"450\" height=\"260\" style=\"border: 1px solid #cccccc;\" src=\"https:\/\/thingspeak.com\/channels\/2094328\/widgets\/668479\"><\/iframe>\r\n\t\t\t\t<\/div>\n\t\t\t\t<div class=\"elementor-element elementor-element-ab8f078 elementor-widget elementor-widget-html\" data-id=\"ab8f078\" data-element_type=\"widget\" data-e-type=\"widget\" data-widget_type=\"html.default\">\n\t\t\t\t\t<iframe width=\"450\" height=\"260\" style=\"border: 1px solid #cccccc;\" src=\"https:\/\/thingspeak.com\/channels\/2164543\/charts\/7?bgcolor=%23ffffff&color=%23d62020&days=120&dynamic=true&title=Dagens+h%C3%B6gsta+temp&type=line\"><\/iframe>\r\n\t\t\t\t<\/div>\n\t\t\t\t\t<\/div>\n\t\t\t\t<\/div>\n\t\t\t\t<div class=\"elementor-element elementor-element-5ef7032 e-con e-atomic-element e-flexbox-base e-5ef7032-e5e542c Badtemp\" data-id=\"5ef7032\" data-element_type=\"e-flexbox\" data-e-type=\"e-flexbox\" data-interaction-id=\"5ef7032\">\n\t\t\t\t<div class=\"elementor-element elementor-element-7b22dbb e-con e-atomic-element e-flexbox-base\" data-id=\"7b22dbb\" data-element_type=\"e-flexbox\" data-e-type=\"e-flexbox\" data-interaction-id=\"7b22dbb\">\n\t\t\t\t<\/div>\n\t\t\t\t<\/div>\n\t\t\t\t<\/div>\n\t\t","protected":false},"excerpt":{"rendered":"<p>En ny hemsida f\u00f6r bad tempm\u00e4taren. Den ska bli lite mer l\u00e4ttl\u00e4st f\u00f6r b\u00e5de mobil och dator. Givaren ligger n\u00e4ra land i v\u00e4ntan p\u00e5 att det ska bli lite varmare s\u00e5 jag kommer ut 30m d\u00e4r den ska ligga.Den h\u00e4r sidan kommer att f\u00e5 lite mer v\u00e4derdata f\u00f6r M\u00f6lltorp, regnm\u00e4tare , vindm\u00e4tare, mm. om n\u00e5gon [&hellip;]<\/p>\n","protected":false},"author":1,"featured_media":0,"parent":0,"menu_order":0,"comment_status":"closed","ping_status":"closed","template":"","meta":{"footnotes":""},"class_list":["post-6","page","type-page","status-publish","hentry"],"_links":{"self":[{"href":"https:\/\/test.rulle.eu\/index.php\/wp-json\/wp\/v2\/pages\/6","targetHints":{"allow":["GET"]}}],"collection":[{"href":"https:\/\/test.rulle.eu\/index.php\/wp-json\/wp\/v2\/pages"}],"about":[{"href":"https:\/\/test.rulle.eu\/index.php\/wp-json\/wp\/v2\/types\/page"}],"author":[{"embeddable":true,"href":"https:\/\/test.rulle.eu\/index.php\/wp-json\/wp\/v2\/users\/1"}],"replies":[{"embeddable":true,"href":"https:\/\/test.rulle.eu\/index.php\/wp-json\/wp\/v2\/comments?post=6"}],"version-history":[{"count":37,"href":"https:\/\/test.rulle.eu\/index.php\/wp-json\/wp\/v2\/pages\/6\/revisions"}],"predecessor-version":[{"id":70,"href":"https:\/\/test.rulle.eu\/index.php\/wp-json\/wp\/v2\/pages\/6\/revisions\/70"}],"wp:attachment":[{"href":"https:\/\/test.rulle.eu\/index.php\/wp-json\/wp\/v2\/media?parent=6"}],"curies":[{"name":"wp","href":"https:\/\/api.w.org\/{rel}","templated":true}]}}